{"id":42,"date":"2017-02-12T01:57:46","date_gmt":"2017-02-12T01:57:46","guid":{"rendered":"http:\/\/cspfreixodenumao.pt\/?page_id=42"},"modified":"2017-02-12T01:57:46","modified_gmt":"2017-02-12T01:57:46","slug":"politica-de-cookeis","status":"publish","type":"page","link":"https:\/\/cspfreixodenumao.pt\/?page_id=42","title":{"rendered":"Pol\u00edtica de Cookeis"},"content":{"rendered":"<p>Pol\u00edtica &amp; Privacidade<\/p>\n<p>&nbsp;<\/p>\n<p>Utiliza\u00e7\u00e3o de Cookies e Pol\u00edtica de Privacidade e Seguran\u00e7a<\/p>\n<p>&nbsp;<\/p>\n<p>O que \u00e9 um Cookie?<\/p>\n<p>\u00c9 um ficheiro que \u00e9 importado para o seu computador ou para outro dispositivo quando acede a determinadas p\u00e1ginas web e que permite a recolha de informa\u00e7\u00f5es acerca da sua navega\u00e7\u00e3o. Em alguns casos, os Cookies s\u00e3o necess\u00e1rios para facilitar a navega\u00e7\u00e3o e permitem guardar e recuperar informa\u00e7\u00f5es acerca dos h\u00e1bitos de navega\u00e7\u00e3o de um utilizador ou do seu equipamento, entre outros. Mediante a informa\u00e7\u00e3o que contenham e a forma como utiliza o seu equipamento, podem ser usados para reconhecer o utilizador.<\/p>\n<p>&nbsp;<\/p>\n<p>Identifica\u00e7\u00e3o de Cookies utilizados<\/p>\n<p>Cookies de sess\u00e3o &#8211; S\u00e3o tempor\u00e1rios, os cookies s\u00e3o gerados e est\u00e3o dispon\u00edveis at\u00e9 encerrar a sess\u00e3o. Da pr\u00f3xima vez que o utilizador aceder ao seu navegador de internet (browser) os cookies j\u00e1 n\u00e3o estar\u00e3o armazenados. A informa\u00e7\u00e3o obtida permite gerir as sess\u00f5es, identificar problemas e fornecer uma melhor experi\u00eancia de navega\u00e7\u00e3o.<\/p>\n<p>&nbsp;<\/p>\n<p>Cookies anal\u00edticos &#8211; Estes cookies s\u00e3o utilizados para analisar a forma como os utilizadores usam o site, permitindo destacar artigos ou servi\u00e7os que podem ser do interesse dos utilizadores, e monitorizar o desempenho do site, conhecendo quais as p\u00e1ginas mais populares, qual o m\u00e9todo de liga\u00e7\u00e3o entre p\u00e1ginas que \u00e9 mais eficaz ou para determinar a raz\u00e3o de algumas p\u00e1ginas estarem a receber mensagens de erro. Estes cookies s\u00e3o utilizados apenas para efeitos de cria\u00e7\u00e3o e an\u00e1lise estat\u00edstica, sem nunca recolher informa\u00e7\u00e3o de car\u00e1cter pessoal.<\/p>\n<p>&nbsp;<\/p>\n<p>Cookies de funcionalidade &#8211; Os cookies de funcionalidade permitem relembrar as prefer\u00eancias do utilizador relativamente \u00e0 navega\u00e7\u00e3o no site. Assim, n\u00e3o necessita de o reconfigurar e personalizar cada vez que o visita.<\/p>\n<p>Desativa\u00e7\u00e3o de Cookies<\/p>\n<p>O utilizador pode permitir, bloquear ou eliminar os Cookies instalados no seu equipamento atrav\u00e9s da configura\u00e7\u00e3o das op\u00e7\u00f5es do navegador instalado no seu computador. Por favor, leia atentamente a sec\u00e7\u00e3o de ajuda do seu navegador para saber mais informa\u00e7\u00f5es sobre como ativar o &#8220;modo privado\u201d ou desbloquear determinados Cookies.<\/p>\n<p>&nbsp;<\/p>\n<ul>\n<li>Internet Explorer: Ferramentas -&gt; Op\u00e7\u00f5es de Internet -&gt; Privacidade -&gt; Configura\u00e7\u00e3o. Para mais informa\u00e7\u00f5es, pode consultar o suporte da Microsoft ou a Ajuda do navegador.<\/li>\n<li>Firefox: Ferramentas -&gt; Op\u00e7\u00f5es -&gt; Privacidade -&gt; Historial -&gt; Configura\u00e7\u00e3o Personalizada. Para mais informa\u00e7\u00f5es, pode consultar o apoio da Mozilla ou a Ajuda do navegador.<\/li>\n<li>Chrome: Configura\u00e7\u00e3o -&gt; Mostrar op\u00e7\u00f5es avan\u00e7adas -&gt; Privacidade -&gt; Configura\u00e7\u00e3o de conte\u00fado. Para mais informa\u00e7\u00f5es, pode consultar o centro de ajuda do Google ou a Ajuda do navegador.<\/li>\n<li>Safari: Prefer\u00eancias -&gt; Seguran\u00e7a. Para mais informa\u00e7\u00f5es, pode consultar o suporte da Apple ou a Ajuda do navegador.<\/li>\n<\/ul>\n<p>&nbsp;<\/p>\n<p>Pol\u00edtica de Privacidade<\/p>\n<p>O Centro Social Paroquial de Freixo de Num\u00e3o\u00a0respeita a sua privacidade e protege as informa\u00e7\u00f5es pessoais que lhe forem transmitidas. Sempre que for necess\u00e1ria informa\u00e7\u00e3o pessoal dos utilizadores e titulares de dados, para efeitos de disponibiliza\u00e7\u00e3o de servi\u00e7os, o uso dessa informa\u00e7\u00e3o \u00e9 descrita nos termos do presente documento e com respeito pela legisla\u00e7\u00e3o sobre prote\u00e7\u00e3o de dados.<\/p>\n<p>O Centro Social Paroquial de Freixo de Num\u00e3o respeita todas as leis e normas nacionais e internacionais relativas \u00e0 prote\u00e7\u00e3o da privacidade das crian\u00e7as.<\/p>\n<p>O Centro Social Paroquial de Freixo de Num\u00e3o n\u00e3o pretende atrair visitas de crian\u00e7as e, por isso, n\u00e3o solicita informa\u00e7\u00e3o pessoal a crian\u00e7as nem lhes envia por qualquer meio pedidos para informa\u00e7\u00e3o pessoal.<\/p>\n<p>Para al\u00e9m destes compromissos de privacidade, o Centro Social Paroquial de Freixo de Num\u00e3o respeita todas as normas e regulamentos sobre privacidade vigentes em Portugal.<\/p>\n<p>&nbsp;<\/p>\n<p>Seguran\u00e7a dos dados<\/p>\n<p>Os dados registados nos servidores do Centro Social Paroquial de Freixo de Num\u00e3o est\u00e3o sempre protegidos por um Login e password para sua seguran\u00e7a. O Centro Social Paroquial de Freixo de Num\u00e3o garante a seguran\u00e7a dos dados atrav\u00e9s de procedimentos f\u00edsicos, eletr\u00f3nicos e processuais adequados. Sempre que s\u00e3o introduzidos dados confidenciais, o Centro Social Paroquial de Freixo de Num\u00e3o utiliza protocolos encriptados para aumentar a seguran\u00e7a do processo. Sem preju\u00edzo desta garantia, o Centro Social Paroquial de Freixo de Num\u00e3o n\u00e3o pode garantir a seguran\u00e7a da informa\u00e7\u00e3o que lhe \u00e9 transmitida, pelo que o titular dos dados dever\u00e1 assumir todas as precau\u00e7\u00f5es para proteger os seus dados pessoais enquanto est\u00e1 a utilizar a Internet, nomeadamente mudando frequentemente as passwords e assegurando a utiliza\u00e7\u00e3o de um programa de navega\u00e7\u00e3o que permita o uso de comunica\u00e7\u00e3o SSL.<\/p>\n","protected":false},"excerpt":{"rendered":"<p>Pol\u00edtica &amp; Privacidade &nbsp; Utiliza\u00e7\u00e3o de Cookies e Pol\u00edtica de Privacidade e Seguran\u00e7a &nbsp; O que \u00e9 um Cookie? \u00c9 um ficheiro que \u00e9 importado para o seu computador ou para outro dispositivo quando acede a determinadas p\u00e1ginas web e que permite a recolha de informa\u00e7\u00f5es acerca da sua navega\u00e7\u00e3o. Em alguns casos, os Cookies &hellip; <\/p>\n<p class=\"link-more\"><a href=\"https:\/\/cspfreixodenumao.pt\/?page_id=42\" class=\"more-link\">Continuar a ler <span class=\"screen-reader-text\">&#8220;Pol\u00edtica de Cookeis&#8221;<\/span><\/a><\/p>\n","protected":false},"author":1,"featured_media":0,"parent":0,"menu_order":0,"comment_status":"closed","ping_status":"closed","template":"","meta":[],"_links":{"self":[{"href":"https:\/\/cspfreixodenumao.pt\/index.php?rest_route=\/wp\/v2\/pages\/42"}],"collection":[{"href":"https:\/\/cspfreixodenumao.pt\/index.php?rest_route=\/wp\/v2\/pages"}],"about":[{"href":"https:\/\/cspfreixodenumao.pt\/index.php?rest_route=\/wp\/v2\/types\/page"}],"author":[{"embeddable":true,"href":"https:\/\/cspfreixodenumao.pt\/index.php?rest_route=\/wp\/v2\/users\/1"}],"replies":[{"embeddable":true,"href":"https:\/\/cspfreixodenumao.pt\/index.php?rest_route=%2Fwp%2Fv2%2Fcomments&post=42"}],"version-history":[{"count":1,"href":"https:\/\/cspfreixodenumao.pt\/index.php?rest_route=\/wp\/v2\/pages\/42\/revisions"}],"predecessor-version":[{"id":44,"href":"https:\/\/cspfreixodenumao.pt\/index.php?rest_route=\/wp\/v2\/pages\/42\/revisions\/44"}],"wp:attachment":[{"href":"https:\/\/cspfreixodenumao.pt\/index.php?rest_route=%2Fwp%2Fv2%2Fmedia&parent=42"}],"curies":[{"name":"wp","href":"https:\/\/api.w.org\/{rel}","templated":true}]}}