{"id":15,"date":"2016-04-27T19:44:41","date_gmt":"2016-04-27T19:44:41","guid":{"rendered":"http:\/\/cspfreixodenumao.pt\/?page_id=15"},"modified":"2018-07-04T16:12:15","modified_gmt":"2018-07-04T16:12:15","slug":"orgaos-sociais","status":"publish","type":"page","link":"https:\/\/cspfreixodenumao.pt\/?page_id=15","title":{"rendered":"Org\u00e3os Sociais"},"content":{"rendered":"<p><span style=\"font-size: large;\"><u><b>Direc\u00e7\u00e3o:<\/b><\/u><\/span><br \/>\n<b>PRESIDENTE: <\/b>P. Ponciano Joaquim Batista dos Santos<br \/>\n<b>VICE-PRESIDENTE:<\/b> Victor Jos\u00e9 Freixinho Brilhante Sobral<br \/>\n<b>TESOUREIRO: <\/b>Rui Miguel Carneiro Duarte<br \/>\n<b>1.\u00ba Secret\u00e1rio:<\/b>\u00a0Jos\u00e9 Eduardo Parch\u00e3o<br \/>\n<b>2.\u00ba Secret\u00e1rio:<\/b>\u00a0Victor Manuel de Sousa Parch\u00e3o<\/p>\n<p><b><u><span style=\"font-size: large;\">Conselho Fiscal:<\/span><\/u><\/b><br \/>\n<b>PRESIDENTE:\u00a0<\/b>Manuel Martins Luzio<br \/>\n<b>1.\u00ba Vogal:\u00a0<\/b>Alexandra Isabel Coix\u00e3o Duarte<br \/>\n<b>2.\u00ba Vogal: <\/b>Lu\u00eds Ant\u00f3nio Lob\u00e3o<\/p>\n","protected":false},"excerpt":{"rendered":"<p>Direc\u00e7\u00e3o: PRESIDENTE: P. Ponciano Joaquim Batista dos Santos VICE-PRESIDENTE: Victor Jos\u00e9 Freixinho Brilhante Sobral TESOUREIRO: Rui Miguel Carneiro Duarte 1.\u00ba Secret\u00e1rio:\u00a0Jos\u00e9 Eduardo Parch\u00e3o 2.\u00ba Secret\u00e1rio:\u00a0Victor Manuel de Sousa Parch\u00e3o Conselho Fiscal: PRESIDENTE:\u00a0Manuel Martins Luzio 1.\u00ba Vogal:\u00a0Alexandra Isabel Coix\u00e3o Duarte 2.\u00ba Vogal: Lu\u00eds Ant\u00f3nio Lob\u00e3o<\/p>\n","protected":false},"author":1,"featured_media":0,"parent":0,"menu_order":0,"comment_status":"closed","ping_status":"closed","template":"","meta":[],"_links":{"self":[{"href":"https:\/\/cspfreixodenumao.pt\/index.php?rest_route=\/wp\/v2\/pages\/15"}],"collection":[{"href":"https:\/\/cspfreixodenumao.pt\/index.php?rest_route=\/wp\/v2\/pages"}],"about":[{"href":"https:\/\/cspfreixodenumao.pt\/index.php?rest_route=\/wp\/v2\/types\/page"}],"author":[{"embeddable":true,"href":"https:\/\/cspfreixodenumao.pt\/index.php?rest_route=\/wp\/v2\/users\/1"}],"replies":[{"embeddable":true,"href":"https:\/\/cspfreixodenumao.pt\/index.php?rest_route=%2Fwp%2Fv2%2Fcomments&post=15"}],"version-history":[{"count":4,"href":"https:\/\/cspfreixodenumao.pt\/index.php?rest_route=\/wp\/v2\/pages\/15\/revisions"}],"predecessor-version":[{"id":56,"href":"https:\/\/cspfreixodenumao.pt\/index.php?rest_route=\/wp\/v2\/pages\/15\/revisions\/56"}],"wp:attachment":[{"href":"https:\/\/cspfreixodenumao.pt\/index.php?rest_route=%2Fwp%2Fv2%2Fmedia&parent=15"}],"curies":[{"name":"wp","href":"https:\/\/api.w.org\/{rel}","templated":true}]}}