{"id":12,"date":"2016-04-27T19:44:16","date_gmt":"2016-04-27T19:44:16","guid":{"rendered":"http:\/\/cspfreixodenumao.pt\/?page_id=12"},"modified":"2016-04-29T14:50:34","modified_gmt":"2016-04-29T14:50:34","slug":"a-instituicao","status":"publish","type":"page","link":"https:\/\/cspfreixodenumao.pt\/?page_id=12","title":{"rendered":"A Institui\u00e7\u00e3o"},"content":{"rendered":"<p><strong>O Centro Social Paroquial de Freixo de Num\u00e3o<\/strong> situa-se no concelho de <strong>Vila Nova de Foz C\u00f4a<\/strong> que congrega dois Patrim\u00f3nios Mundiais classificados pela UNESCO (o Douro Vinhateiro e as Gravuras do Vale do C\u00f4a) caracterizado pelo seu valor patrimonial existente nas suas mais variadas vertente: paisag\u00edstica, cultural, edificada, gastron\u00f3mica, arqueol\u00f3gica, monumental entre outras. Apesar de tanto valor intr\u00ednseco, \u00e9 atrav\u00e9s da exist\u00eancia de dois Patrim\u00f3nios Mundiais que Foz C\u00f4a chamou a si a centralidade desta regi\u00e3o ao mundo, a <strong>Vila de Freixo de Num\u00e3o<\/strong> \u00e9 a seguir \u00e0 sede do concelho a maior freguesia apresentando-se numa zona geograficamente privilegiada, no cora\u00e7\u00e3o da Regi\u00e3o Demarcada do Douro, riqu\u00edssima em vest\u00edgios e testemunhos valiosos de Patrim\u00f3nio Cultural (arquitet\u00f3nico, arqueol\u00f3gico, rural) e Natural (reservas flor\u00edsticas onde sobressai o Zimbro).<\/p>\n<p>Esta institui\u00e7\u00e3o presta apoio desde 1988 em Centro de Dia (CD) que se carateriza como uma resposta social, que contribuiu para a valoriza\u00e7\u00e3o pessoal, partilha de conhecimentos e experi\u00eancias pessoais, proporcionando ainda durante o dia a resolu\u00e7\u00e3o de necessidades b\u00e1sicas pessoais, terap\u00eauticas e s\u00f3cio &#8211; culturais \u00e0s pessoas afetadas por diferentes graus de depend\u00eancia, contribuindo para a manuten\u00e7\u00e3o da pessoa no seu meio familiar e Servi\u00e7o de Apoio Domicili\u00e1rio (SAD) que se traduz na presta\u00e7\u00e3o de cuidados individualizados e personalizados no domic\u00edlio, a indiv\u00edduos e fam\u00edlias quando, por motivos de doen\u00e7a, defici\u00eancia ou outro impedimento, n\u00e3o possam assegurar tempor\u00e1ria ou permanentemente, a satisfa\u00e7\u00e3o das suas necessidades b\u00e1sicas e\/ou as atividades de vida di\u00e1ria.<\/p>\n<p>Abrangem como \u00e1rea geogr\u00e1fica de atua\u00e7\u00e3o o Concelho de Vila Nova de Foz C\u00f4a nas Freguesias de Freixo de Num\u00e3o, Tou\u00e7a, Mur\u00e7a e Santo Amaro e conta com 31 clientes em SAD e 12 clientes em CD protocolados em acordos com a Seguran\u00e7a Social.<\/p>\n<p>Al\u00e9m dos clientes que t\u00eam acordos com a Seguran\u00e7a Social o Centro Social Paroquial Freixo de Num\u00e3o presta apoio social (alimenta\u00e7\u00e3o) a clientes com problemas econ\u00f3micos.<\/p>\n<p>Em 2007 a institui\u00e7\u00e3o viu refor\u00e7adas as suas responsabilidades ap\u00f3s ter celebrado um protocolo de coopera\u00e7\u00e3o no \u00e2mbito do Rendimento Social de Inser\u00e7\u00e3o (RSI), que tem como campo de a\u00e7\u00e3o prestar apoio at\u00e9 100 pessoas e ou fam\u00edlias carenciadas que est\u00e3o a receber o RSI nos Concelhos de Vila Nova de Foz C\u00f4a, Meda e Pinhel.<\/p>\n<p>O envelhecimento da popula\u00e7\u00e3o \u00e9 uma realidade na generalidade dos pa\u00edses desenvolvidos, verificando-se um contexto de diminui\u00e7\u00e3o progressiva da natalidade, aliada a um aumento da esperan\u00e7a m\u00e9dia de vida ou longevidade dos cidad\u00e3os. A conjun\u00e7\u00e3o destes dois fatores ao n\u00edvel dos pa\u00edses desenvolvidos far\u00e1 com que a sociedade do futuro seja cada vez mais envelhecida.<\/p>\n<p>Neste contexto com um constante envelhecimento populacional e uma progressiva redu\u00e7\u00e3o demogr\u00e1fico em virtude, a escassez de exist\u00eancia de redes de suporte nas proximidades do concelho, nomeadamente no interior de Portugal e no sentido de combater o isolamento individual e social, promovendo a autonomia, bem como assegurar um conjunto de servi\u00e7os e cuidados multidisciplinares a grupos vulner\u00e1veis, pessoas em situa\u00e7\u00e3o de depend\u00eancia.<\/p>\n<p>Em 2008 a institui\u00e7\u00e3o decide alargar a sua \u00e1rea de interven\u00e7\u00e3o e abra\u00e7a um projeto para a constru\u00e7\u00e3o de raiz de uma Unidade de Cuidados Continuados (UCCI) (30 camas) de M\u00e9dia Dura\u00e7\u00e3o e Reabilita\u00e7\u00e3o (UMDR) (15 camas) e Longa Dura\u00e7\u00e3o e Manuten\u00e7\u00e3o (ULDM) (15 camas), candidatado ao Programa Modelar no \u00e2mbito da Rede Nacional de Cuidados Continuados Integrados (RNCCI), criada pelo <em>Decreto-Lei n.\u00ba 101\/2006, de 6 de junho<\/em>, tem como objetivo a presta\u00e7\u00e3o de cuidados integrados a pessoas em situa\u00e7\u00e3o de depend\u00eancia e com perda de autonomia.<\/p>\n<p>A candidatura veio a ser aprovada a janeiro 2009, a constru\u00e7\u00e3o do projeto foi avan\u00e7ando ao longo dos anos, ultrapassando algumas dificuldades financeiras.<\/p>\n<p>Em face da extrema relev\u00e2ncia deste contrato-programa para o funcionamento da UCCI, no <em>Despacho n.\u00ba 8320-B\/2015,<\/em> o Instituto da Seguran\u00e7a Social, I.P. (ISS,I.P) e as Administra\u00e7\u00f5es Regionais de Sa\u00fade, I.P (ARS, I.P.) ficaram autorizados a assumir os compromissos plurianuais no \u00e2mbito dos contratos-programa a celebrar durante o ano de 2015 no \u00e2mbito da RNCCI com acordos de 10 camas para a UMDR e 15 camas para a ULDM.<\/p>\n<p>Em meados de 2009, a Mesa Administrativa, que ao tempo liderava o destino da Institui\u00e7\u00e3o, abra\u00e7ou novamente um novo projeto, amplia\u00e7\u00e3o do edif\u00edcio para Lar de Idosos, para efeitos de comparti\u00e7\u00e3o, cofinanciado pelo POPH. Atualmente, devido a dificuldades financeiras, este edif\u00edcio ainda se encontra em fase de constru\u00e7\u00e3o.<\/p>\n<p>&nbsp;<\/p>\n<p>&nbsp;<\/p>\n<p>Demonstra\u00e7\u00f5es financeiras:<\/p>\n<p><a href=\"https:\/\/cspfreixodenumao.pt\/wp-content\/uploads\/2016\/04\/Apresenta\u00e7\u00e3o-de-Contas-2015.pdf\">Apresenta\u00e7\u00e3o de Contas 2015<\/a><\/p>\n","protected":false},"excerpt":{"rendered":"<p>O Centro Social Paroquial de Freixo de Num\u00e3o situa-se no concelho de Vila Nova de Foz C\u00f4a que congrega dois Patrim\u00f3nios Mundiais classificados pela UNESCO (o Douro Vinhateiro e as Gravuras do Vale do C\u00f4a) caracterizado pelo seu valor patrimonial existente nas suas mais variadas vertente: paisag\u00edstica, cultural, edificada, gastron\u00f3mica, arqueol\u00f3gica, monumental entre outras. Apesar &hellip; <\/p>\n<p class=\"link-more\"><a href=\"https:\/\/cspfreixodenumao.pt\/?page_id=12\" class=\"more-link\">Continuar a ler <span class=\"screen-reader-text\">&#8220;A Institui\u00e7\u00e3o&#8221;<\/span><\/a><\/p>\n","protected":false},"author":1,"featured_media":0,"parent":0,"menu_order":0,"comment_status":"closed","ping_status":"closed","template":"","meta":[],"_links":{"self":[{"href":"https:\/\/cspfreixodenumao.pt\/index.php?rest_route=\/wp\/v2\/pages\/12"}],"collection":[{"href":"https:\/\/cspfreixodenumao.pt\/index.php?rest_route=\/wp\/v2\/pages"}],"about":[{"href":"https:\/\/cspfreixodenumao.pt\/index.php?rest_route=\/wp\/v2\/types\/page"}],"author":[{"embeddable":true,"href":"https:\/\/cspfreixodenumao.pt\/index.php?rest_route=\/wp\/v2\/users\/1"}],"replies":[{"embeddable":true,"href":"https:\/\/cspfreixodenumao.pt\/index.php?rest_route=%2Fwp%2Fv2%2Fcomments&post=12"}],"version-history":[{"count":3,"href":"https:\/\/cspfreixodenumao.pt\/index.php?rest_route=\/wp\/v2\/pages\/12\/revisions"}],"predecessor-version":[{"id":39,"href":"https:\/\/cspfreixodenumao.pt\/index.php?rest_route=\/wp\/v2\/pages\/12\/revisions\/39"}],"wp:attachment":[{"href":"https:\/\/cspfreixodenumao.pt\/index.php?rest_route=%2Fwp%2Fv2%2Fmedia&parent=12"}],"curies":[{"name":"wp","href":"https:\/\/api.w.org\/{rel}","templated":true}]}}